{"id":11,"date":"2023-11-29T10:14:17","date_gmt":"2023-11-29T10:14:17","guid":{"rendered":"https:\/\/clarionllc.net\/wp\/?page_id=11"},"modified":"2024-11-24T19:02:05","modified_gmt":"2024-11-24T19:02:05","slug":"robotizacija-ljekarni","status":"publish","type":"page","link":"http:\/\/clarionllc.net\/wp\/robotizacija-ljekarni\/","title":{"rendered":"Robotizacija ljekarni"},"content":{"rendered":"\t\t<div data-elementor-type=\"wp-page\" data-elementor-id=\"11\" class=\"elementor elementor-11\" data-elementor-post-type=\"page\">\n\t\t\t\t<div class=\"elementor-element elementor-element-b9eb934 e-con-full e-flex e-con e-parent\" data-id=\"b9eb934\" data-element_type=\"container\">\n\t\t<div class=\"elementor-element elementor-element-c3964cf e-con-full e-flex e-con e-child\" data-id=\"c3964cf\" data-element_type=\"container\" data-settings=\"{&quot;background_background&quot;:&quot;classic&quot;}\">\n\t\t\t\t<div class=\"elementor-element elementor-element-69506c2 elementor-widget elementor-widget-heading\" data-id=\"69506c2\" data-element_type=\"widget\" data-widget_type=\"heading.default\">\n\t\t\t\t<div class=\"elementor-widget-container\">\n\t\t\t\t\t<h1 class=\"elementor-heading-title elementor-size-default\">Robotizacija ljekarni <\/h1>\t\t\t\t<\/div>\n\t\t\t\t<\/div>\n\t\t\t\t<div class=\"elementor-element elementor-element-9e2ce1d elementor-widget elementor-widget-heading\" data-id=\"9e2ce1d\" data-element_type=\"widget\" data-widget_type=\"heading.default\">\n\t\t\t\t<div class=\"elementor-widget-container\">\n\t\t\t\t\t<h3 class=\"elementor-heading-title elementor-size-default\">Optimizirajte prostor svoje ljekarne uz pomo\u0107 robota za skladi\u0161tenje i izdavanje lijekova.<\/h3>\t\t\t\t<\/div>\n\t\t\t\t<\/div>\n\t\t\t\t<div class=\"elementor-element elementor-element-34c44f3 elementor-widget elementor-widget-button\" data-id=\"34c44f3\" data-element_type=\"widget\" data-widget_type=\"button.default\">\n\t\t\t\t<div class=\"elementor-widget-container\">\n\t\t\t\t\t\t\t\t\t<div class=\"elementor-button-wrapper\">\n\t\t\t\t\t<a class=\"elementor-button elementor-button-link elementor-size-sm\" href=\"https:\/\/clarionllc.net\/wp\/kontakt\/\">\n\t\t\t\t\t\t<span class=\"elementor-button-content-wrapper\">\n\t\t\t\t\t\t\t\t\t<span class=\"elementor-button-text\">Dogovorite sastanak <\/span>\n\t\t\t\t\t<\/span>\n\t\t\t\t\t<\/a>\n\t\t\t\t<\/div>\n\t\t\t\t\t\t\t\t<\/div>\n\t\t\t\t<\/div>\n\t\t\t\t<\/div>\n\t\t<div class=\"elementor-element elementor-element-ecda076 e-con-full e-flex e-con e-child\" data-id=\"ecda076\" data-element_type=\"container\" data-settings=\"{&quot;background_background&quot;:&quot;classic&quot;}\">\n\t\t\t\t<\/div>\n\t\t\t\t<\/div>\n\t\t<div class=\"elementor-element elementor-element-a98a1e8 e-flex e-con-boxed e-con e-parent\" data-id=\"a98a1e8\" data-element_type=\"container\" data-settings=\"{&quot;background_background&quot;:&quot;classic&quot;}\">\n\t\t\t\t\t<div class=\"e-con-inner\">\n\t\t<div class=\"elementor-element elementor-element-7e506d2 e-con-full e-flex e-con e-child\" data-id=\"7e506d2\" data-element_type=\"container\" data-settings=\"{&quot;background_background&quot;:&quot;classic&quot;}\">\n\t\t\t\t<div class=\"elementor-element elementor-element-a99df2f elementor-widget__width-initial elementor-widget elementor-widget-heading\" data-id=\"a99df2f\" data-element_type=\"widget\" data-widget_type=\"heading.default\">\n\t\t\t\t<div class=\"elementor-widget-container\">\n\t\t\t\t\t<h2 class=\"elementor-heading-title elementor-size-default\">\u0160to je FABLOX 2.0 ?\n<\/h2>\t\t\t\t<\/div>\n\t\t\t\t<\/div>\n\t\t\t\t<\/div>\n\t\t<div class=\"elementor-element elementor-element-6eb85f7 e-con-full e-flex e-con e-child\" data-id=\"6eb85f7\" data-element_type=\"container\">\n\t\t\t\t<div class=\"elementor-element elementor-element-366d05e elementor-widget__width-initial elementor-widget elementor-widget-text-editor\" data-id=\"366d05e\" data-element_type=\"widget\" data-widget_type=\"text-editor.default\">\n\t\t\t\t<div class=\"elementor-widget-container\">\n\t\t\t\t\t\t\t\t\t<p>FABLOX 2.0 je inteligentno, robotizirano, modularno, pro\u0161irivo skladi\u0161te\u00a0 za \u010duvanje i izdavanje lijekova, skladi\u0161nog kapaciteta do 10.000 artikala koje zauzima samo 76 cm prostora.\u00a0<\/p><p>Ovdje preuzmite <span style=\"color: #02baba;\"><strong><a style=\"color: #02baba;\" href=\"http:\/\/clarionllc.net\/wp\/wp-content\/uploads\/2023\/12\/FABLOX_2.0_katalog_ENG_compressed.pdf\"><span style=\"text-decoration: underline;\">bro\u0161uru.<\/span><\/a>\u00a0<\/strong><\/span><\/p>\t\t\t\t\t\t\t\t<\/div>\n\t\t\t\t<\/div>\n\t\t\t\t<\/div>\n\t\t\t\t\t<\/div>\n\t\t\t\t<\/div>\n\t\t<div class=\"elementor-element elementor-element-518ae97 e-flex e-con-boxed e-con e-parent\" data-id=\"518ae97\" data-element_type=\"container\" data-settings=\"{&quot;background_background&quot;:&quot;classic&quot;}\">\n\t\t\t\t\t<div class=\"e-con-inner\">\n\t\t<div class=\"elementor-element elementor-element-320f229 e-con-full e-flex e-con e-child\" data-id=\"320f229\" data-element_type=\"container\" data-settings=\"{&quot;background_background&quot;:&quot;classic&quot;}\">\n\t\t\t\t<div class=\"elementor-element elementor-element-43e7ec4 elementor-widget__width-initial elementor-widget-mobile__width-initial elementor-widget elementor-widget-heading\" data-id=\"43e7ec4\" data-element_type=\"widget\" data-widget_type=\"heading.default\">\n\t\t\t\t<div class=\"elementor-widget-container\">\n\t\t\t\t\t<h2 class=\"elementor-heading-title elementor-size-default\">Potpuna automatizacija ljekarni <\/h2>\t\t\t\t<\/div>\n\t\t\t\t<\/div>\n\t\t\t\t<div class=\"elementor-element elementor-element-ec026d3 elementor-widget__width-initial elementor-widget elementor-widget-text-editor\" data-id=\"ec026d3\" data-element_type=\"widget\" data-widget_type=\"text-editor.default\">\n\t\t\t\t<div class=\"elementor-widget-container\">\n\t\t\t\t\t\t\t\t\t<p>FABLOX 2.0 omogu\u0107uje modernu ljekarnu koja je integrirana s prodajnim sustavima \u0161to omogu\u0107uje ne samo brzo pu\u0161tanje lijeka u promet, ve\u0107 i provjeru serije lijeka i reviziju inventara.\u00a0<\/p>\t\t\t\t\t\t\t\t<\/div>\n\t\t\t\t<\/div>\n\t\t<div class=\"elementor-element elementor-element-cc093ac e-con-full e-flex e-con e-child\" data-id=\"cc093ac\" data-element_type=\"container\">\n\t\t\t\t<\/div>\n\t\t\t\t<\/div>\n\t\t<div class=\"elementor-element elementor-element-8be4098 e-con-full e-flex e-con e-child\" data-id=\"8be4098\" data-element_type=\"container\" data-settings=\"{&quot;background_background&quot;:&quot;video&quot;}\">\n\t\t\t\t<div class=\"elementor-element elementor-element-f7bf97f elementor-widget elementor-widget-video\" data-id=\"f7bf97f\" data-element_type=\"widget\" data-settings=\"{&quot;youtube_url&quot;:&quot;https:\\\/\\\/www.youtube.com\\\/watch?v=tYQC4-pZIJ4&amp;t=17s&quot;,&quot;video_type&quot;:&quot;youtube&quot;,&quot;controls&quot;:&quot;yes&quot;}\" data-widget_type=\"video.default\">\n\t\t\t\t<div class=\"elementor-widget-container\">\n\t\t\t\t\t\t\t<div class=\"elementor-wrapper elementor-open-inline\">\n\t\t\t<div class=\"elementor-video\"><\/div>\t\t<\/div>\n\t\t\t\t\t\t<\/div>\n\t\t\t\t<\/div>\n\t\t\t\t<\/div>\n\t\t\t\t\t<\/div>\n\t\t\t\t<\/div>\n\t\t<div class=\"elementor-element elementor-element-4fcb194 e-flex e-con-boxed e-con e-parent\" data-id=\"4fcb194\" data-element_type=\"container\" data-settings=\"{&quot;background_background&quot;:&quot;classic&quot;}\">\n\t\t\t\t\t<div class=\"e-con-inner\">\n\t\t<div class=\"elementor-element elementor-element-e863b2e e-con-full e-flex e-con e-child\" data-id=\"e863b2e\" data-element_type=\"container\" data-settings=\"{&quot;background_background&quot;:&quot;classic&quot;}\">\n\t\t\t\t<div class=\"elementor-element elementor-element-d01626e elementor-widget__width-initial elementor-widget elementor-widget-heading\" data-id=\"d01626e\" data-element_type=\"widget\" data-widget_type=\"heading.default\">\n\t\t\t\t<div class=\"elementor-widget-container\">\n\t\t\t\t\t<h2 class=\"elementor-heading-title elementor-size-default\">Klju\u010dne prednosti <\/h2>\t\t\t\t<\/div>\n\t\t\t\t<\/div>\n\t\t\t\t<\/div>\n\t\t<div class=\"elementor-element elementor-element-4bd478e e-con-full e-flex e-con e-child\" data-id=\"4bd478e\" data-element_type=\"container\">\n\t\t\t\t<\/div>\n\t\t\t\t\t<\/div>\n\t\t\t\t<\/div>\n\t\t<div class=\"elementor-element elementor-element-b3d3629 e-flex e-con-boxed e-con e-parent\" data-id=\"b3d3629\" data-element_type=\"container\" data-settings=\"{&quot;background_background&quot;:&quot;classic&quot;}\">\n\t\t\t\t\t<div class=\"e-con-inner\">\n\t\t<div class=\"elementor-element elementor-element-a7fa0f4 e-con-full e-flex e-con e-child\" data-id=\"a7fa0f4\" data-element_type=\"container\" data-settings=\"{&quot;background_background&quot;:&quot;classic&quot;}\">\n\t\t\t\t<div class=\"elementor-element elementor-element-61e454e elementor-widget elementor-widget-heading\" data-id=\"61e454e\" data-element_type=\"widget\" data-widget_type=\"heading.default\">\n\t\t\t\t<div class=\"elementor-widget-container\">\n\t\t\t\t\t<h3 class=\"elementor-heading-title elementor-size-default\">Integracija<\/h3>\t\t\t\t<\/div>\n\t\t\t\t<\/div>\n\t\t\t\t<div class=\"elementor-element elementor-element-e5448c4 elementor-widget-divider--view-line elementor-widget elementor-widget-divider\" data-id=\"e5448c4\" data-element_type=\"widget\" data-widget_type=\"divider.default\">\n\t\t\t\t<div class=\"elementor-widget-container\">\n\t\t\t\t\t\t\t<div class=\"elementor-divider\">\n\t\t\t<span class=\"elementor-divider-separator\">\n\t\t\t\t\t\t<\/span>\n\t\t<\/div>\n\t\t\t\t\t\t<\/div>\n\t\t\t\t<\/div>\n\t\t\t\t<div class=\"elementor-element elementor-element-5d357db elementor-widget__width-initial elementor-widget elementor-widget-text-editor\" data-id=\"5d357db\" data-element_type=\"widget\" data-widget_type=\"text-editor.default\">\n\t\t\t\t<div class=\"elementor-widget-container\">\n\t\t\t\t\t\t\t\t\t<p>Potpuna integracija s va\u0161im prodajnim sustavima omogu\u0107uje ne samo iznimno brzo izdavanje lijeka, ve\u0107 i provjeru serije lijeka, te\u00a0 inventuru. Svi procesi koji se odvijaju u aparatu su potpuno automatski, zahvaljuju\u0107i \u010demu se ljekarnici mogu posvetiti pacijentu.<\/p>\t\t\t\t\t\t\t\t<\/div>\n\t\t\t\t<\/div>\n\t\t\t\t<\/div>\n\t\t<div class=\"elementor-element elementor-element-0ba4276 e-con-full e-flex e-con e-child\" data-id=\"0ba4276\" data-element_type=\"container\" data-settings=\"{&quot;background_background&quot;:&quot;classic&quot;}\">\n\t\t\t\t<div class=\"elementor-element elementor-element-d0fbbf0 elementor-widget elementor-widget-heading\" data-id=\"d0fbbf0\" data-element_type=\"widget\" data-widget_type=\"heading.default\">\n\t\t\t\t<div class=\"elementor-widget-container\">\n\t\t\t\t\t<h3 class=\"elementor-heading-title elementor-size-default\">Sigurnost\n<\/h3>\t\t\t\t<\/div>\n\t\t\t\t<\/div>\n\t\t\t\t<div class=\"elementor-element elementor-element-d3497a1 elementor-widget-divider--view-line elementor-widget elementor-widget-divider\" data-id=\"d3497a1\" data-element_type=\"widget\" data-widget_type=\"divider.default\">\n\t\t\t\t<div class=\"elementor-widget-container\">\n\t\t\t\t\t\t\t<div class=\"elementor-divider\">\n\t\t\t<span class=\"elementor-divider-separator\">\n\t\t\t\t\t\t<\/span>\n\t\t<\/div>\n\t\t\t\t\t\t<\/div>\n\t\t\t\t<\/div>\n\t\t\t\t<div class=\"elementor-element elementor-element-4a49569 elementor-widget__width-initial elementor-widget elementor-widget-text-editor\" data-id=\"4a49569\" data-element_type=\"widget\" data-widget_type=\"text-editor.default\">\n\t\t\t\t<div class=\"elementor-widget-container\">\n\t\t\t\t\t\t\t\t\t<p>Pri automatskom popunjavanju, svako pakiranje lijeka se skenira, mjeri, fotografira i katalogizira. Od utovarne komore, preko pokretne trake, do manipulatora, paket se prati kamerama.Dakle, nije mogu\u0107e da nasumi\u010dni proizvod u\u0111e u stroj.\u00a0Ure\u0111aj automatski preuzima otpremnicu-primku iz prodajnog sustava, provjeravaju\u0107i pristiglu po\u0161iljku.\u00a0\u00a0\u00a0<\/p><p>U proces automatiziranog izdavanja lijekova i automatizirane nadopune skladi\u0161nog prostora mogu se uklju\u010diti samo osobe prijavljene u sustav. Time se jam\u010di potpuna kontrola nad zalihama i isklju\u010duju radnje neovla\u0161tenih osoba.\u00a0\u00a0<\/p>\t\t\t\t\t\t\t\t<\/div>\n\t\t\t\t<\/div>\n\t\t\t\t<\/div>\n\t\t<div class=\"elementor-element elementor-element-169bd31 e-con-full e-flex e-con e-child\" data-id=\"169bd31\" data-element_type=\"container\" data-settings=\"{&quot;background_background&quot;:&quot;classic&quot;}\">\n\t\t\t\t<div class=\"elementor-element elementor-element-2d28c8e elementor-widget elementor-widget-heading\" data-id=\"2d28c8e\" data-element_type=\"widget\" data-widget_type=\"heading.default\">\n\t\t\t\t<div class=\"elementor-widget-container\">\n\t\t\t\t\t<h3 class=\"elementor-heading-title elementor-size-default\">Modularni design<\/h3>\t\t\t\t<\/div>\n\t\t\t\t<\/div>\n\t\t\t\t<div class=\"elementor-element elementor-element-651dc4b elementor-widget-divider--view-line elementor-widget elementor-widget-divider\" data-id=\"651dc4b\" data-element_type=\"widget\" data-widget_type=\"divider.default\">\n\t\t\t\t<div class=\"elementor-widget-container\">\n\t\t\t\t\t\t\t<div class=\"elementor-divider\">\n\t\t\t<span class=\"elementor-divider-separator\">\n\t\t\t\t\t\t<\/span>\n\t\t<\/div>\n\t\t\t\t\t\t<\/div>\n\t\t\t\t<\/div>\n\t\t\t\t<div class=\"elementor-element elementor-element-4a56260 elementor-widget__width-initial elementor-widget elementor-widget-text-editor\" data-id=\"4a56260\" data-element_type=\"widget\" data-widget_type=\"text-editor.default\">\n\t\t\t\t<div class=\"elementor-widget-container\">\n\t\t\t\t\t\t\t\t\t<p>Modularni dizajn sustava i njegove dimenzije omogu\u0107uju instalaciju unutar va\u0161e ljekarne (raspolo\u017eive visine 2,3 \/ 2,5 \/ 3,0 \/\u00a0 3,3 m,\u00a0 u du\u017einu se smje\u0161ta 1 do\u00a06 skladi\u0161nih modula)\u00a0 bez ikakvih gra\u0111evinskih radova.<\/p>\t\t\t\t\t\t\t\t<\/div>\n\t\t\t\t<\/div>\n\t\t\t\t<\/div>\n\t\t\t\t\t<\/div>\n\t\t\t\t<\/div>\n\t\t<div class=\"elementor-element elementor-element-c2640c7 e-flex e-con-boxed e-con e-parent\" data-id=\"c2640c7\" data-element_type=\"container\" data-settings=\"{&quot;background_background&quot;:&quot;classic&quot;}\">\n\t\t\t\t\t<div class=\"e-con-inner\">\n\t\t<div class=\"elementor-element elementor-element-8f187cc e-con-full e-flex e-con e-child\" data-id=\"8f187cc\" data-element_type=\"container\" data-settings=\"{&quot;background_background&quot;:&quot;classic&quot;}\">\n\t\t\t\t<div class=\"elementor-element elementor-element-a66537d elementor-widget__width-initial elementor-widget elementor-widget-heading\" data-id=\"a66537d\" data-element_type=\"widget\" data-widget_type=\"heading.default\">\n\t\t\t\t<div class=\"elementor-widget-container\">\n\t\t\t\t\t<h2 class=\"elementor-heading-title elementor-size-default\">Garancija i podr\u0161ka <\/h2>\t\t\t\t<\/div>\n\t\t\t\t<\/div>\n\t\t\t\t<div class=\"elementor-element elementor-element-36cc5e7 elementor-align-left elementor-widget__width-initial elementor-icon-list--layout-traditional elementor-list-item-link-full_width elementor-widget elementor-widget-icon-list\" data-id=\"36cc5e7\" data-element_type=\"widget\" data-widget_type=\"icon-list.default\">\n\t\t\t\t<div class=\"elementor-widget-container\">\n\t\t\t\t\t\t\t<ul class=\"elementor-icon-list-items\">\n\t\t\t\t\t\t\t<li class=\"elementor-icon-list-item\">\n\t\t\t\t\t\t\t\t\t\t\t<span class=\"elementor-icon-list-icon\">\n\t\t\t\t\t\t\t<svg xmlns=\"http:\/\/www.w3.org\/2000\/svg\" xmlns:xlink=\"http:\/\/www.w3.org\/1999\/xlink\" width=\"32px\" height=\"32px\" viewBox=\"0 0 32 32\"><title>Stroke 178<\/title><g id=\"Page-1\" stroke=\"none\" stroke-width=\"1\" fill=\"none\" fill-rule=\"evenodd\"><g id=\"Preview_Final_-WEB-CLARION_-2023_\" transform=\"translate(-889.000000, -2593.000000)\" stroke=\"#2EB348\"><g id=\"Group-182\" transform=\"translate(211.893500, 2593.605200)\"><path d=\"M707.751,29.97 L707.663,12.865 C707.658,12.777 707.652,12.691 707.643,12.606 C707.276,9.563 706.021,6.799 704.008,4.614 C702.123,2.565 699.64,1.118 697.017,0.539 C695.012,0.096 693.002,0.073 691.057,0.049 C690.786,0.047 678,4.54747351e-13 678,4.54747351e-13 L678,11.525 L687.299,11.525 C687.247,11.883 687.176,12.278 687.073,12.61 C686.54,14.348 685.48,15.808 684.102,16.847 L683.372,17.3 L683.397,17.3 C682.125,18.074 680.65,18.537 679.073,18.556 L678,18.565 L678,30 C678,30 682.217,29.745 683.732,29.371 C685.647,28.899 687.477,28.143 689.17,27.127 C691.29,25.856 693.135,24.225 694.652,22.281 C695.234,21.536 695.761,20.755 696.227,19.947 L696.227,29.97 L707.751,29.97 Z\" id=\"Stroke-178\"><\/path><\/g><\/g><\/g><\/svg>\t\t\t\t\t\t<\/span>\n\t\t\t\t\t\t\t\t\t\t<span class=\"elementor-icon-list-text\">Standardni jamstveni rok je 24 mjeseca, ali ga je mogu\u0107e produ\u017eiti na 36 ili 48 mjeseci. Nakon 30 dana od ugradnje ljekarni\u010dkog robota vr\u0161i se besplatni jamstveni pregled uz mogu\u0107nost do\u0161kolovanja.<\/span>\n\t\t\t\t\t\t\t\t\t<\/li>\n\t\t\t\t\t\t\t\t<li class=\"elementor-icon-list-item\">\n\t\t\t\t\t\t\t\t\t\t\t<span class=\"elementor-icon-list-icon\">\n\t\t\t\t\t\t\t<svg xmlns=\"http:\/\/www.w3.org\/2000\/svg\" xmlns:xlink=\"http:\/\/www.w3.org\/1999\/xlink\" width=\"32px\" height=\"32px\" viewBox=\"0 0 32 32\"><title>Stroke 178<\/title><g id=\"Page-1\" stroke=\"none\" stroke-width=\"1\" fill=\"none\" fill-rule=\"evenodd\"><g id=\"Preview_Final_-WEB-CLARION_-2023_\" transform=\"translate(-889.000000, -2593.000000)\" stroke=\"#2EB348\"><g id=\"Group-182\" transform=\"translate(211.893500, 2593.605200)\"><path d=\"M707.751,29.97 L707.663,12.865 C707.658,12.777 707.652,12.691 707.643,12.606 C707.276,9.563 706.021,6.799 704.008,4.614 C702.123,2.565 699.64,1.118 697.017,0.539 C695.012,0.096 693.002,0.073 691.057,0.049 C690.786,0.047 678,4.54747351e-13 678,4.54747351e-13 L678,11.525 L687.299,11.525 C687.247,11.883 687.176,12.278 687.073,12.61 C686.54,14.348 685.48,15.808 684.102,16.847 L683.372,17.3 L683.397,17.3 C682.125,18.074 680.65,18.537 679.073,18.556 L678,18.565 L678,30 C678,30 682.217,29.745 683.732,29.371 C685.647,28.899 687.477,28.143 689.17,27.127 C691.29,25.856 693.135,24.225 694.652,22.281 C695.234,21.536 695.761,20.755 696.227,19.947 L696.227,29.97 L707.751,29.97 Z\" id=\"Stroke-178\"><\/path><\/g><\/g><\/g><\/svg>\t\t\t\t\t\t<\/span>\n\t\t\t\t\t\t\t\t\t\t<span class=\"elementor-icon-list-text\">Pru\u017eamo visoku razinu usluge i korisni\u010dku podr\u0161ku. Kvalificirano osoblje jam\u010di da \u0107e kupljeni stroj zadovoljiti sve zahtjeve kupaca. Pru\u017eamo servisnu podr\u0161ku u cijeloj Hrvatskoj iz servisnog centra u Zagrebu.\u00a0 U slu\u010daju potrebe zamjene komponenti, servisni centar ima kompletan asortiman rezervnih dijelova. Spremni smo djelovati iznimno brzo.\u00a0<\/span>\n\t\t\t\t\t\t\t\t\t<\/li>\n\t\t\t\t\t\t<\/ul>\n\t\t\t\t\t\t<\/div>\n\t\t\t\t<\/div>\n\t\t\t\t<\/div>\n\t\t<div class=\"elementor-element elementor-element-5338381 e-con-full e-flex e-con e-child\" data-id=\"5338381\" data-element_type=\"container\">\n\t\t\t\t<div class=\"elementor-element elementor-element-ceaf49b elementor-widget elementor-widget-image\" data-id=\"ceaf49b\" data-element_type=\"widget\" data-widget_type=\"image.default\">\n\t\t\t\t<div class=\"elementor-widget-container\">\n\t\t\t\t\t\t\t\t\t\t\t\t\t\t\t<img fetchpriority=\"high\" decoding=\"async\" width=\"800\" height=\"534\" src=\"http:\/\/clarionllc.net\/wp\/wp-content\/uploads\/2023\/12\/automatizacija_ljekarni-1024x683.jpeg\" class=\"attachment-large size-large wp-image-636\" alt=\"\" srcset=\"http:\/\/clarionllc.net\/wp\/wp-content\/uploads\/2023\/12\/automatizacija_ljekarni-1024x683.jpeg 1024w, http:\/\/clarionllc.net\/wp\/wp-content\/uploads\/2023\/12\/automatizacija_ljekarni-300x200.jpeg 300w, http:\/\/clarionllc.net\/wp\/wp-content\/uploads\/2023\/12\/automatizacija_ljekarni-768x512.jpeg 768w, http:\/\/clarionllc.net\/wp\/wp-content\/uploads\/2023\/12\/automatizacija_ljekarni-1536x1024.jpeg 1536w, http:\/\/clarionllc.net\/wp\/wp-content\/uploads\/2023\/12\/automatizacija_ljekarni.jpeg 1920w\" sizes=\"(max-width: 800px) 100vw, 800px\" \/>\t\t\t\t\t\t\t\t\t\t\t\t\t\t\t<\/div>\n\t\t\t\t<\/div>\n\t\t\t\t<\/div>\n\t\t\t\t\t<\/div>\n\t\t\t\t<\/div>\n\t\t\t\t<\/div>\n\t\t","protected":false},"excerpt":{"rendered":"<p>Robotizacija ljekarni Optimizirajte prostor svoje ljekarne uz pomo\u0107 robota za skladi\u0161tenje i izdavanje lijekova. Dogovorite sastanak \u0160to je FABLOX 2.0 ? FABLOX 2.0 je inteligentno, robotizirano, modularno, pro\u0161irivo skladi\u0161te\u00a0 za \u010duvanje i izdavanje lijekova, skladi\u0161nog kapaciteta do 10.000 artikala koje zauzima samo 76 cm prostora.\u00a0 Ovdje preuzmite bro\u0161uru.\u00a0 Potpuna automatizacija ljekarni FABLOX 2.0 omogu\u0107uje modernu [&hellip;]<\/p>\n","protected":false},"author":1,"featured_media":0,"parent":0,"menu_order":0,"comment_status":"closed","ping_status":"closed","template":"","meta":{"inline_featured_image":false,"footnotes":""},"class_list":["post-11","page","type-page","status-publish","hentry"],"_links":{"self":[{"href":"http:\/\/clarionllc.net\/wp\/wp-json\/wp\/v2\/pages\/11","targetHints":{"allow":["GET"]}}],"collection":[{"href":"http:\/\/clarionllc.net\/wp\/wp-json\/wp\/v2\/pages"}],"about":[{"href":"http:\/\/clarionllc.net\/wp\/wp-json\/wp\/v2\/types\/page"}],"author":[{"embeddable":true,"href":"http:\/\/clarionllc.net\/wp\/wp-json\/wp\/v2\/users\/1"}],"replies":[{"embeddable":true,"href":"http:\/\/clarionllc.net\/wp\/wp-json\/wp\/v2\/comments?post=11"}],"version-history":[{"count":54,"href":"http:\/\/clarionllc.net\/wp\/wp-json\/wp\/v2\/pages\/11\/revisions"}],"predecessor-version":[{"id":881,"href":"http:\/\/clarionllc.net\/wp\/wp-json\/wp\/v2\/pages\/11\/revisions\/881"}],"wp:attachment":[{"href":"http:\/\/clarionllc.net\/wp\/wp-json\/wp\/v2\/media?parent=11"}],"curies":[{"name":"wp","href":"https:\/\/api.w.org\/{rel}","templated":true}]}}